{"id":50,"date":"2023-10-18T18:59:35","date_gmt":"2023-10-18T18:59:35","guid":{"rendered":"http:\/\/pixelpde.com\/?page_id=50"},"modified":"2025-09-11T15:11:01","modified_gmt":"2025-09-11T15:11:01","slug":"terminos","status":"publish","type":"page","link":"https:\/\/pixelpde.com\/?page_id=50","title":{"rendered":"Terminos"},"content":{"rendered":"\t\t<div data-elementor-type=\"wp-page\" data-elementor-id=\"50\" class=\"elementor elementor-50\">\n\t\t\t\t<div class=\"elementor-element elementor-element-58fa4a3 e-flex e-con-boxed e-con e-parent\" data-id=\"58fa4a3\" data-element_type=\"container\" data-e-type=\"container\">\n\t\t\t\t\t<div class=\"e-con-inner\">\n\t\t\t\t<div class=\"elementor-element elementor-element-b5a987f elementor-widget elementor-widget-image\" data-id=\"b5a987f\" data-element_type=\"widget\" data-e-type=\"widget\" data-widget_type=\"image.default\">\n\t\t\t\t<div class=\"elementor-widget-container\">\n\t\t\t\t\t\t\t\t\t\t\t\t\t\t\t\t<a href=\"https:\/\/pixelpde.com\/\">\n\t\t\t\t\t\t\t<img decoding=\"async\" src=\"https:\/\/pixelpde.com\/wp-content\/uploads\/2023\/10\/Pixel_Logo.jpg\" title=\"\" alt=\"\" loading=\"lazy\" \/>\t\t\t\t\t\t\t\t<\/a>\n\t\t\t\t\t\t\t\t\t\t\t\t\t\t\t<\/div>\n\t\t\t\t<\/div>\n\t\t\t\t<div class=\"elementor-element elementor-element-3c9c0df elementor-widget elementor-widget-heading\" data-id=\"3c9c0df\" data-element_type=\"widget\" data-e-type=\"widget\" data-widget_type=\"heading.default\">\n\t\t\t\t<div class=\"elementor-widget-container\">\n\t\t\t\t\t<h2 class=\"elementor-heading-title elementor-size-default\">T\u00e9rminos legales de entrada PIXEL PDE<\/h2>\t\t\t\t<\/div>\n\t\t\t\t<\/div>\n\t\t\t\t\t<\/div>\n\t\t\t\t<\/div>\n\t\t<div class=\"elementor-element elementor-element-b5f4f1e e-flex e-con-boxed e-con e-parent\" data-id=\"b5f4f1e\" data-element_type=\"container\" data-e-type=\"container\">\n\t\t\t\t\t<div class=\"e-con-inner\">\n\t\t\t\t<div class=\"elementor-element elementor-element-53b0b56 elementor-widget elementor-widget-text-editor\" data-id=\"53b0b56\" data-element_type=\"widget\" data-e-type=\"widget\" data-widget_type=\"text-editor.default\">\n\t\t\t\t<div class=\"elementor-widget-container\">\n\t\t\t\t\t\t\t\t\t<p>La compra de esta entrada implica la aceptaci\u00f3n del comprador de las condiciones que se enumeran a continuaci\u00f3n: No adquiera tickets fuera de los puntos de venta o vendedores autorizados. El promotor, organizador y local del evento no se responsabilizan por eventuales falsificaciones. Se contar\u00e1 con medios para detectar entradas falsificadas, las mismas ser\u00e1n retenidas. La producci\u00f3n se reserva el derecho de admisi\u00f3n y permanencia en el lugar. Contamos con puesto obligatorio de control de edad en el ingreso del evento. El ingreso es para mayores de 19 a\u00f1os.<br \/><br \/><\/p><p>Cualquier persona que intente ingresar no cumpliendo con estos t\u00e9rminos, autom\u00e1ticamente queda sin derecho a ingresar, y con la entrada retenida. Este evento ser\u00e1 filmado. Toda persona que ingrese al evento acepta irrevocablemente que su presencia y participaci\u00f3n podr\u00e1 ser filmada y puede ser explotada para cualquier prop\u00f3sito, inclusive v\u00eddeos de car\u00e1cter comercial, por y para todo el mundo en perpetuidad. En caso de postergaci\u00f3n del evento, el ticket mantiene su validez, no habiendo reintegro del valor parcial o total de las entradas. En caso de cancelaci\u00f3n definitiva, la producci\u00f3n cuenta con 90 d\u00edas para el reintegro del valor de las entradas.<br \/><br \/><br \/>Est\u00e1 prohibido el ingreso y uso de bengalas y\/o pirotecnia o simil de cualquier tipo, as\u00ed como cualquier elemento que resulte riesgoso para la seguridad del evento. Beba con moderaci\u00f3n y bajo su propia responsabilidad. Disfrute del evento. \u00a1Feliz A\u00f1o Nuevo!<br \/><br \/><br \/>EL INGRESO ES OBLIGATORIO CON QR, CASO CONTRARIO PERDER\u00c1 SU VALIDEZ.<br \/><br \/><br \/>Una vez adquirido el ticket, te llegara a tu bandeja de entrada un mail de confirmaci\u00f3n. Este mail, 24 horas antes del evento mostrara el c\u00f3digo QR para el ingreso, con el fin de mantener la privacidad y confidencialidad de los c\u00f3digos.<\/p>\t\t\t\t\t\t\t\t<\/div>\n\t\t\t\t<\/div>\n\t\t\t\t\t<\/div>\n\t\t\t\t<\/div>\n\t\t\t\t<\/div>\n\t\t","protected":false},"excerpt":{"rendered":"<p>T\u00e9rminos legales de entrada PIXEL PDE La compra de esta entrada implica la aceptaci\u00f3n del comprador de las condiciones que se enumeran a continuaci\u00f3n: No adquiera tickets fuera de los puntos de venta o vendedores autorizados. El promotor, organizador y local del evento no se responsabilizan por eventuales falsificaciones. Se contar\u00e1 con medios para detectar&hellip; <a class=\"more-link\" href=\"https:\/\/pixelpde.com\/?page_id=50\">Continue reading <span class=\"screen-reader-text\">Terminos<\/span><\/a><\/p>\n","protected":false},"author":1,"featured_media":0,"parent":0,"menu_order":0,"comment_status":"closed","ping_status":"closed","template":"elementor_header_footer","meta":{"footnotes":""},"class_list":["post-50","page","type-page","status-publish","hentry","entry"],"_links":{"self":[{"href":"https:\/\/pixelpde.com\/index.php?rest_route=\/wp\/v2\/pages\/50","targetHints":{"allow":["GET"]}}],"collection":[{"href":"https:\/\/pixelpde.com\/index.php?rest_route=\/wp\/v2\/pages"}],"about":[{"href":"https:\/\/pixelpde.com\/index.php?rest_route=\/wp\/v2\/types\/page"}],"author":[{"embeddable":true,"href":"https:\/\/pixelpde.com\/index.php?rest_route=\/wp\/v2\/users\/1"}],"replies":[{"embeddable":true,"href":"https:\/\/pixelpde.com\/index.php?rest_route=%2Fwp%2Fv2%2Fcomments&post=50"}],"version-history":[{"count":26,"href":"https:\/\/pixelpde.com\/index.php?rest_route=\/wp\/v2\/pages\/50\/revisions"}],"predecessor-version":[{"id":352,"href":"https:\/\/pixelpde.com\/index.php?rest_route=\/wp\/v2\/pages\/50\/revisions\/352"}],"wp:attachment":[{"href":"https:\/\/pixelpde.com\/index.php?rest_route=%2Fwp%2Fv2%2Fmedia&parent=50"}],"curies":[{"name":"wp","href":"https:\/\/api.w.org\/{rel}","templated":true}]}}